{"id":6,"date":"2024-02-22T13:54:00","date_gmt":"2024-02-22T13:54:00","guid":{"rendered":"https:\/\/parcbasstlaurent.com\/?page_id=6"},"modified":"2024-03-06T12:48:26","modified_gmt":"2024-03-06T12:48:26","slug":"acc","status":"publish","type":"page","link":"https:\/\/parcbasstlaurent.com\/","title":{"rendered":"Acc"},"content":{"rendered":"<p>[et_pb_section fb_built=\u00a0\u00bb1&Prime; admin_label=\u00a0\u00bbsection\u00a0\u00bb _builder_version=\u00a0\u00bb4.16&Prime; global_colors_info=\u00a0\u00bb{}\u00a0\u00bb][et_pb_row admin_label=\u00a0\u00bbrow\u00a0\u00bb _builder_version=\u00a0\u00bb4.16&Prime; background_size=\u00a0\u00bbinitial\u00a0\u00bb background_position=\u00a0\u00bbtop_left\u00a0\u00bb background_repeat=\u00a0\u00bbrepeat\u00a0\u00bb global_colors_info=\u00a0\u00bb{}\u00a0\u00bb][et_pb_column type=\u00a0\u00bb4_4&Prime; _builder_version=\u00a0\u00bb4.16&Prime; custom_padding=\u00a0\u00bb|||\u00a0\u00bb global_colors_info=\u00a0\u00bb{}\u00a0\u00bb custom_padding__hover=\u00a0\u00bb|||\u00a0\u00bb][et_pb_text _builder_version=\u00a0\u00bb4.24.2&Prime; _module_preset=\u00a0\u00bbdefault\u00a0\u00bb global_colors_info=\u00a0\u00bb{}\u00a0\u00bb]<\/p>\n<h1 style=\"text-align: center;\">Notre site est pr\u00e9sentement en construction&#8230;<\/h1>\n<p>[\/et_pb_text][et_pb_text _builder_version=\u00a0\u00bb4.24.2&Prime; _module_preset=\u00a0\u00bbdefault\u00a0\u00bb hover_enabled=\u00a0\u00bb0&Prime; sticky_enabled=\u00a0\u00bb0&Prime;]<\/p>\n<p class=\"p1\" style=\"text-align: center;\"><span class=\"s1\"><b>Pour nous joindre :<\/b><br \/><span>187 rue Bernier<\/span><br \/>Rivi\u00e8re-du-Loup (Qu\u00e9bec) <span>G5R 0P3<\/span><br \/>T\u00e9l\u00e9phone : <a href=\"tel:4188678882\">418 867-8882<\/a><\/span><\/p>\n<p class=\"p1\" style=\"text-align: center;\"><span class=\"s1\"><b>Robert Gagnon\u00a0<\/b>: poste 201<br \/>Directeur g\u00e9n\u00e9ral<br \/><a href=\"mailto:rgagnon@parcbsl.com\"><span class=\"s2\">rgagnon@parcbsl.com<\/span><\/a><\/span><\/p>\n<p class=\"p1\" style=\"text-align: center;\"><span class=\"s1\"><b>William G. Grenier\u00a0<\/b>: poste 204<br \/><span>Directeur de projets<\/span><br \/><a href=\"mailto:wgrenier@parcbsl.com\"><span class=\"s2\">wgrenier@parcbsl.com<\/span><\/a><\/span><\/p>\n<p>[\/et_pb_text][\/et_pb_column][\/et_pb_row][\/et_pb_section]<\/p>\n","protected":false},"excerpt":{"rendered":"<p>Notre site est pr\u00e9sentement en construction&#8230;Pour nous joindre :187 rue BernierRivi\u00e8re-du-Loup (Qu\u00e9bec) G5R 0P3T\u00e9l\u00e9phone : 418 867-8882 Robert Gagnon\u00a0: poste 201Directeur g\u00e9n\u00e9ralrgagnon@parcbsl.com William G. Grenier\u00a0: poste 204Directeur de projetswgrenier@parcbsl.com<\/p>\n","protected":false},"author":1,"featured_media":0,"parent":0,"menu_order":0,"comment_status":"closed","ping_status":"closed","template":"","meta":{"_et_pb_use_builder":"on","_et_pb_old_content":"<!-- wp:group {\"align\":\"full\",\"style\":{\"spacing\":{\"margin\":{\"top\":\"0\",\"bottom\":\"0\"},\"padding\":{\"top\":\"var:preset|spacing|50\",\"bottom\":\"var:preset|spacing|50\",\"left\":\"var:preset|spacing|50\",\"right\":\"var:preset|spacing|50\"}},\"dimensions\":{\"minHeight\":\"100vh\"}},\"backgroundColor\":\"accent-4\",\"layout\":{\"type\":\"flex\",\"orientation\":\"vertical\",\"verticalAlignment\":\"center\",\"justifyContent\":\"center\",\"flexWrap\":\"nowrap\"},\"metadata\":{\"name\":\"RSVP Landing Page\"}} -->\n<div class=\"wp-block-group alignfull has-accent-4-background-color has-background\" style=\"min-height:100vh;margin-top:0;margin-bottom:0;padding-top:var(--wp--preset--spacing--50);padding-right:var(--wp--preset--spacing--50);padding-bottom:var(--wp--preset--spacing--50);padding-left:var(--wp--preset--spacing--50)\"><!-- wp:columns {\"verticalAlignment\":\"center\",\"align\":\"wide\",\"style\":{\"spacing\":{\"blockGap\":{\"top\":\"var:preset|spacing|50\",\"left\":\"var:preset|spacing|50\"}}}} -->\n<div class=\"wp-block-columns alignwide are-vertically-aligned-center\"><!-- wp:column -->\n<div class=\"wp-block-column\"><!-- wp:paragraph -->\n<p><strong>Pour nous joindre :<\/strong><br>43, rue Alexandre, suite 100<br>Rivi\u00e8re-du-Loup (Qu\u00e9bec) G5R 2W2<br>T\u00e9l\u00e9phone : 418 867-8882<\/p>\n<!-- \/wp:paragraph -->\n\n<!-- wp:paragraph -->\n<p><strong>Robert Gagnon&nbsp;<\/strong>: poste 201<br>Directeur g\u00e9n\u00e9ral<br><a href=\"mailto:rgagnon@parcbsl.com\">rgagnon@parcbsl.com<\/a><\/p>\n<!-- \/wp:paragraph -->\n\n<!-- wp:paragraph -->\n<p><strong>William G. Grenier&nbsp;<\/strong>: poste 204<br>Gestionnaire de projets<br><a href=\"mailto:wgrenier@parcbsl.com\">wgrenier@parcbsl.com<\/a><\/p>\n<!-- \/wp:paragraph --><\/div>\n<!-- \/wp:column --><\/div>\n<!-- \/wp:columns --><\/div>\n<!-- \/wp:group -->","_et_gb_content_width":"1080","footnotes":""},"class_list":["post-6","page","type-page","status-publish","hentry"],"_links":{"self":[{"href":"https:\/\/parcbasstlaurent.com\/index.php?rest_route=\/wp\/v2\/pages\/6","targetHints":{"allow":["GET"]}}],"collection":[{"href":"https:\/\/parcbasstlaurent.com\/index.php?rest_route=\/wp\/v2\/pages"}],"about":[{"href":"https:\/\/parcbasstlaurent.com\/index.php?rest_route=\/wp\/v2\/types\/page"}],"author":[{"embeddable":true,"href":"https:\/\/parcbasstlaurent.com\/index.php?rest_route=\/wp\/v2\/users\/1"}],"replies":[{"embeddable":true,"href":"https:\/\/parcbasstlaurent.com\/index.php?rest_route=%2Fwp%2Fv2%2Fcomments&post=6"}],"version-history":[{"count":11,"href":"https:\/\/parcbasstlaurent.com\/index.php?rest_route=\/wp\/v2\/pages\/6\/revisions"}],"predecessor-version":[{"id":54,"href":"https:\/\/parcbasstlaurent.com\/index.php?rest_route=\/wp\/v2\/pages\/6\/revisions\/54"}],"wp:attachment":[{"href":"https:\/\/parcbasstlaurent.com\/index.php?rest_route=%2Fwp%2Fv2%2Fmedia&parent=6"}],"curies":[{"name":"wp","href":"https:\/\/api.w.org\/{rel}","templated":true}]}}